{"id":12,"date":"2024-02-01T11:36:45","date_gmt":"2024-02-01T11:36:45","guid":{"rendered":"https:\/\/store-mag.com\/my-account\/"},"modified":"2024-02-01T11:36:45","modified_gmt":"2024-02-01T11:36:45","slug":"my-account","status":"publish","type":"page","link":"https:\/\/affichedumonde.com\/?page_id=12","title":{"rendered":"My account"},"content":{"rendered":"<div class=\"woocommerce\"><div class=\"woocommerce-notices-wrapper\"><\/div>\n\n<div class=\"u-columns col2-set\" id=\"customer_login\">\n\n\t<div class=\"u-column1 col-1\">\n\n\n\t\t<h2>Se connecter<\/h2>\n\n\t\t<form class=\"woocommerce-form woocommerce-form-login login\" method=\"post\" novalidate>\n\n\t\t\t\n\t\t\t<p class=\"woocommerce-form-row woocommerce-form-row--wide form-row form-row-wide\">\n\t\t\t\t<label for=\"username\">Identifiant ou e-mail&nbsp;<span class=\"required\" aria-hidden=\"true\">*<\/span><span class=\"screen-reader-text\">Obligatoire<\/span><\/label>\n\t\t\t\t<input type=\"text\" class=\"woocommerce-Input woocommerce-Input--text input-text\" name=\"username\" id=\"username\" autocomplete=\"username\" value=\"\" required aria-required=\"true\" \/>\t\t\t<\/p>\n\t\t\t<p class=\"woocommerce-form-row woocommerce-form-row--wide form-row form-row-wide\">\n\t\t\t\t<label for=\"password\">Mot de passe&nbsp;<span class=\"required\" aria-hidden=\"true\">*<\/span><span class=\"screen-reader-text\">Obligatoire<\/span><\/label>\n\t\t\t\t<input class=\"woocommerce-Input woocommerce-Input--text input-text\" type=\"password\" name=\"password\" id=\"password\" autocomplete=\"current-password\" required aria-required=\"true\" \/>\n\t\t\t<\/p>\n\n\t\t\t\n\t\t\t<p class=\"form-row\">\n\t\t\t\t<label class=\"woocommerce-form__label woocommerce-form__label-for-checkbox woocommerce-form-login__rememberme\">\n\t\t\t\t\t<input class=\"woocommerce-form__input woocommerce-form__input-checkbox\" name=\"rememberme\" type=\"checkbox\" id=\"rememberme\" value=\"forever\" \/> <span>Se souvenir de moi<\/span>\n\t\t\t\t<\/label>\n\t\t\t\t<input type=\"hidden\" id=\"woocommerce-login-nonce\" name=\"woocommerce-login-nonce\" value=\"0f38228e7b\" \/><input type=\"hidden\" name=\"_wp_http_referer\" value=\"\/index.php?rest_route=%2Fwp%2Fv2%2Fpages%2F12\" \/>\t\t\t\t<button type=\"submit\" class=\"woocommerce-button button woocommerce-form-login__submit\" name=\"login\" value=\"Se connecter\">Se connecter<\/button>\n\t\t\t<\/p>\n\t\t\t<p class=\"woocommerce-LostPassword lost_password\">\n\t\t\t\t<a href=\"https:\/\/affichedumonde.com\/?page_id=12&#038;lost-password\">Mot de passe perdu\u00a0?<\/a>\n\t\t\t<\/p>\n\n\t\t\t\n\t\t<\/form>\n\n\n\t<\/div>\n\n\t<div class=\"u-column2 col-2\">\n\n\t\t<h2>S\u2019inscrire<\/h2>\n\n\t\t<form method=\"post\" class=\"woocommerce-form woocommerce-form-register register\"  >\n\n\t\t\t\n\t\t\t\n\t\t\t<p class=\"woocommerce-form-row woocommerce-form-row--wide form-row form-row-wide\">\n\t\t\t\t<label for=\"reg_email\">Adresse e-mail&nbsp;<span class=\"required\" aria-hidden=\"true\">*<\/span><span class=\"screen-reader-text\">Obligatoire<\/span><\/label>\n\t\t\t\t<input type=\"email\" class=\"woocommerce-Input woocommerce-Input--text input-text\" name=\"email\" id=\"reg_email\" autocomplete=\"email\" value=\"\" required aria-required=\"true\" \/>\t\t\t<\/p>\n\n\t\t\t\n\t\t\t\t<p>Un lien permettant de d\u00e9finir un nouveau mot de passe sera envoy\u00e9 \u00e0 votre adresse e-mail.<\/p>\n\n\t\t\t\n\t\t\t\r\n<div class=\"show_if_seller\" style=\"display:none\">\r\n\r\n    <div class=\"split-row form-row-wide\">\r\n        <p class=\"form-row form-group\">\r\n            <input type=\"text\" placeholder=\"Pr\u00e9nom\" class=\"input-text form-control\" name=\"fname\" id=\"first-name\" value=\"\" required=\"required\" \/>\r\n        <\/p>\r\n\r\n        <p class=\"form-row form-group\">\r\n            <input type=\"text\" placeholder=\"Nom de famille\" class=\"input-text form-control\" name=\"lname\" id=\"last-name\" value=\"\" required=\"required\" \/>\r\n        <\/p>\r\n    <\/div>\r\n\r\n    <p class=\"form-row form-group form-row-wide\">\r\n        <input type=\"text\" placeholder=\"Nom de la boutique\" class=\"input-text form-control\" name=\"shopname\" id=\"company-name\" value=\"\" required=\"required\" \/>\r\n    <\/p>\r\n\r\n    <p class=\"form-row form-group form-row-wide\">\r\n        <strong id=\"url-alart-mgs\" class=\"pull-right\"><\/strong>\r\n        <input type=\"text\" class=\"input-text form-control\" placeholder=\"URL de la boutique\" name=\"shopurl\" id=\"seller-url\" value=\"\" required=\"required\" \/>\r\n        <small>https:\/\/affichedumonde.com\/store\/<strong id=\"url-alart\"><\/strong><\/small>\r\n    <\/p>\r\n\r\n    <p class=\"form-row form-group form-row-wide\">\r\n        <input type=\"text\" class=\"input-text form-control\" placeholder=\"Num\u00e9ro de t\u00e9l\u00e9phone\" name=\"phone\" id=\"shop-phone\" value=\"\" required=\"required\" \/>\r\n    <\/p>\r\n                <p class=\"form-row form-group form-row-wide\">\r\n                <input class=\"tc_check_box\" type=\"checkbox\" id=\"tc_agree\" name=\"tc_agree\" required=\"required\">\r\n                <label style=\"display: inline\" for=\"tc_agree\">I have read and agree to the <a target=\"_blank\" href=\"https:\/\/affichedumonde.com\/?page_id=12\">Terms &amp; Conditions<\/a>.<\/label>\r\n            <\/p>\r\n                        \r\n<\/div>\r\n\r\n\r\n<p class=\"form-row form-group user-role\">\r\n    <label class=\"radio\">\r\n        <input type=\"radio\" name=\"role\" value=\"customer\" checked='checked'>\r\n        <span>je suis client<\/span>\r\n    <\/label>\r\n\r\n    <label class=\"radio\">\r\n        <input type=\"radio\" name=\"role\" value=\"seller\">\r\n        <span>je suis un vendeur<\/span>\r\n    <\/label>\r\n    <\/p>\r\n<wc-order-attribution-inputs><\/wc-order-attribution-inputs><div class=\"woocommerce-privacy-policy-text\"><p>Your personal data will be used to support your experience throughout this website, to manage access to your account, and for other purposes described in our <a href=\"https:\/\/affichedumonde.com\/?page_id=3\" class=\"woocommerce-privacy-policy-link\" target=\"_blank\">politique de confidentialit\u00e9<\/a>.<\/p>\n<\/div>\n\t\t\t<p class=\"woocommerce-form-row form-row\">\n\t\t\t\t<input type=\"hidden\" id=\"woocommerce-register-nonce\" name=\"woocommerce-register-nonce\" value=\"4b81683c58\" \/><input type=\"hidden\" name=\"_wp_http_referer\" value=\"\/index.php?rest_route=%2Fwp%2Fv2%2Fpages%2F12\" \/>\t\t\t\t<button type=\"submit\" class=\"woocommerce-Button woocommerce-button button woocommerce-form-register__submit\" name=\"register\" value=\"S\u2019inscrire\">S\u2019inscrire<\/button>\n\t\t\t<\/p>\n\n\t\t\t\n\t\t<\/form>\n\n\t<\/div>\n\n<\/div>\n\n<\/div>\n","protected":false},"excerpt":{"rendered":"","protected":false},"author":1,"featured_media":0,"parent":0,"menu_order":0,"comment_status":"closed","ping_status":"closed","template":"","meta":{"footnotes":""},"class_list":["post-12","page","type-page","status-publish","hentry"],"yoast_head":"<!-- This site is optimized with the Yoast SEO Premium plugin v24.0 (Yoast SEO v27.4) - https:\/\/yoast.com\/product\/yoast-seo-premium-wordpress\/ -->\n<title>My account - Affiche du Monde<\/title>\n<meta name=\"robots\" content=\"index, follow, max-snippet:-1, max-image-preview:large, max-video-preview:-1\" \/>\n<link rel=\"canonical\" href=\"https:\/\/affichedumonde.com\/?page_id=12\" \/>\n<meta property=\"og:locale\" content=\"fr_FR\" \/>\n<meta property=\"og:type\" content=\"article\" \/>\n<meta property=\"og:title\" content=\"My account\" \/>\n<meta property=\"og:url\" content=\"https:\/\/affichedumonde.com\/?page_id=12\" \/>\n<meta property=\"og:site_name\" content=\"Affiche du Monde\" \/>\n<meta property=\"og:image\" content=\"https:\/\/affichedumonde.com\/wp-content\/uploads\/2024\/09\/slide3-pk-770x241.png\" \/>\n\t<meta property=\"og:image:width\" content=\"770\" \/>\n\t<meta property=\"og:image:height\" content=\"241\" \/>\n\t<meta property=\"og:image:type\" content=\"image\/png\" \/>\n<meta name=\"twitter:card\" content=\"summary_large_image\" \/>\n<script type=\"application\/ld+json\" class=\"yoast-schema-graph\">{\"@context\":\"https:\\\/\\\/schema.org\",\"@graph\":[{\"@type\":\"WebPage\",\"@id\":\"https:\\\/\\\/affichedumonde.com\\\/?page_id=12\",\"url\":\"https:\\\/\\\/affichedumonde.com\\\/?page_id=12\",\"name\":\"My account - Affiche du Monde\",\"isPartOf\":{\"@id\":\"https:\\\/\\\/affichedumonde.com\\\/#website\"},\"datePublished\":\"2024-02-01T11:36:45+00:00\",\"breadcrumb\":{\"@id\":\"https:\\\/\\\/affichedumonde.com\\\/?page_id=12#breadcrumb\"},\"inLanguage\":\"fr-FR\",\"potentialAction\":[{\"@type\":\"ReadAction\",\"target\":[\"https:\\\/\\\/affichedumonde.com\\\/?page_id=12\"]}]},{\"@type\":\"BreadcrumbList\",\"@id\":\"https:\\\/\\\/affichedumonde.com\\\/?page_id=12#breadcrumb\",\"itemListElement\":[{\"@type\":\"ListItem\",\"position\":1,\"name\":\"Accueil\",\"item\":\"https:\\\/\\\/affichedumonde.com\\\/\"},{\"@type\":\"ListItem\",\"position\":2,\"name\":\"My account\"}]},{\"@type\":\"WebSite\",\"@id\":\"https:\\\/\\\/affichedumonde.com\\\/#website\",\"url\":\"https:\\\/\\\/affichedumonde.com\\\/\",\"name\":\"Affiche du Monde\",\"description\":\"Affiche de voyage,souvenir de vacances\",\"publisher\":{\"@id\":\"https:\\\/\\\/affichedumonde.com\\\/#organization\"},\"alternateName\":\"affichedumonde.com\",\"potentialAction\":[{\"@type\":\"SearchAction\",\"target\":{\"@type\":\"EntryPoint\",\"urlTemplate\":\"https:\\\/\\\/affichedumonde.com\\\/?s={search_term_string}\"},\"query-input\":{\"@type\":\"PropertyValueSpecification\",\"valueRequired\":true,\"valueName\":\"search_term_string\"}}],\"inLanguage\":\"fr-FR\"},{\"@type\":\"Organization\",\"@id\":\"https:\\\/\\\/affichedumonde.com\\\/#organization\",\"name\":\"Affiche du Monde\",\"url\":\"https:\\\/\\\/affichedumonde.com\\\/\",\"logo\":{\"@type\":\"ImageObject\",\"inLanguage\":\"fr-FR\",\"@id\":\"https:\\\/\\\/affichedumonde.com\\\/#\\\/schema\\\/logo\\\/image\\\/\",\"url\":\"https:\\\/\\\/affichedumonde.com\\\/wp-content\\\/uploads\\\/2022\\\/07\\\/LOGO-2-1.jpg\",\"contentUrl\":\"https:\\\/\\\/affichedumonde.com\\\/wp-content\\\/uploads\\\/2022\\\/07\\\/LOGO-2-1.jpg\",\"width\":337,\"height\":98,\"caption\":\"Affiche du Monde\"},\"image\":{\"@id\":\"https:\\\/\\\/affichedumonde.com\\\/#\\\/schema\\\/logo\\\/image\\\/\"}}]}<\/script>\n<!-- \/ Yoast SEO Premium plugin. -->","yoast_head_json":{"title":"My account - Affiche du Monde","robots":{"index":"index","follow":"follow","max-snippet":"max-snippet:-1","max-image-preview":"max-image-preview:large","max-video-preview":"max-video-preview:-1"},"canonical":"https:\/\/affichedumonde.com\/?page_id=12","og_locale":"fr_FR","og_type":"article","og_title":"My account","og_url":"https:\/\/affichedumonde.com\/?page_id=12","og_site_name":"Affiche du Monde","og_image":[{"width":770,"height":241,"url":"https:\/\/affichedumonde.com\/wp-content\/uploads\/2024\/09\/slide3-pk-770x241.png","type":"image\/png"}],"twitter_card":"summary_large_image","schema":{"@context":"https:\/\/schema.org","@graph":[{"@type":"WebPage","@id":"https:\/\/affichedumonde.com\/?page_id=12","url":"https:\/\/affichedumonde.com\/?page_id=12","name":"My account - Affiche du Monde","isPartOf":{"@id":"https:\/\/affichedumonde.com\/#website"},"datePublished":"2024-02-01T11:36:45+00:00","breadcrumb":{"@id":"https:\/\/affichedumonde.com\/?page_id=12#breadcrumb"},"inLanguage":"fr-FR","potentialAction":[{"@type":"ReadAction","target":["https:\/\/affichedumonde.com\/?page_id=12"]}]},{"@type":"BreadcrumbList","@id":"https:\/\/affichedumonde.com\/?page_id=12#breadcrumb","itemListElement":[{"@type":"ListItem","position":1,"name":"Accueil","item":"https:\/\/affichedumonde.com\/"},{"@type":"ListItem","position":2,"name":"My account"}]},{"@type":"WebSite","@id":"https:\/\/affichedumonde.com\/#website","url":"https:\/\/affichedumonde.com\/","name":"Affiche du Monde","description":"Affiche de voyage,souvenir de vacances","publisher":{"@id":"https:\/\/affichedumonde.com\/#organization"},"alternateName":"affichedumonde.com","potentialAction":[{"@type":"SearchAction","target":{"@type":"EntryPoint","urlTemplate":"https:\/\/affichedumonde.com\/?s={search_term_string}"},"query-input":{"@type":"PropertyValueSpecification","valueRequired":true,"valueName":"search_term_string"}}],"inLanguage":"fr-FR"},{"@type":"Organization","@id":"https:\/\/affichedumonde.com\/#organization","name":"Affiche du Monde","url":"https:\/\/affichedumonde.com\/","logo":{"@type":"ImageObject","inLanguage":"fr-FR","@id":"https:\/\/affichedumonde.com\/#\/schema\/logo\/image\/","url":"https:\/\/affichedumonde.com\/wp-content\/uploads\/2022\/07\/LOGO-2-1.jpg","contentUrl":"https:\/\/affichedumonde.com\/wp-content\/uploads\/2022\/07\/LOGO-2-1.jpg","width":337,"height":98,"caption":"Affiche du Monde"},"image":{"@id":"https:\/\/affichedumonde.com\/#\/schema\/logo\/image\/"}}]}},"_links":{"self":[{"href":"https:\/\/affichedumonde.com\/index.php?rest_route=\/wp\/v2\/pages\/12","targetHints":{"allow":["GET"]}}],"collection":[{"href":"https:\/\/affichedumonde.com\/index.php?rest_route=\/wp\/v2\/pages"}],"about":[{"href":"https:\/\/affichedumonde.com\/index.php?rest_route=\/wp\/v2\/types\/page"}],"author":[{"embeddable":true,"href":"https:\/\/affichedumonde.com\/index.php?rest_route=\/wp\/v2\/users\/1"}],"replies":[{"embeddable":true,"href":"https:\/\/affichedumonde.com\/index.php?rest_route=%2Fwp%2Fv2%2Fcomments&post=12"}],"version-history":[{"count":0,"href":"https:\/\/affichedumonde.com\/index.php?rest_route=\/wp\/v2\/pages\/12\/revisions"}],"wp:attachment":[{"href":"https:\/\/affichedumonde.com\/index.php?rest_route=%2Fwp%2Fv2%2Fmedia&parent=12"}],"curies":[{"name":"wp","href":"https:\/\/api.w.org\/{rel}","templated":true}]}}