{"id":419,"date":"2020-12-22T01:52:18","date_gmt":"2020-12-22T01:52:18","guid":{"rendered":"https:\/\/el1.thembaydev.com\/zota_bag\/?page_id=419"},"modified":"2024-08-11T10:01:28","modified_gmt":"2024-08-11T10:01:28","slug":"about-us","status":"publish","type":"page","link":"https:\/\/affichedumonde.com\/?page_id=419","title":{"rendered":"Mentions legales"},"content":{"rendered":"\t\t<div data-elementor-type=\"wp-page\" data-elementor-id=\"419\" class=\"elementor elementor-419\">\n\t\t\t\t\t\t<section class=\"elementor-section elementor-top-section elementor-element elementor-element-6d1da67e elementor-section-boxed elementor-section-height-default elementor-section-height-default\" data-id=\"6d1da67e\" data-element_type=\"section\" data-e-type=\"section\">\n\t\t\t\t\t\t<div class=\"elementor-container elementor-column-gap-no\">\n\t\t\t\t\t<div class=\"elementor-column elementor-col-33 elementor-top-column elementor-element elementor-element-77913f18\" data-id=\"77913f18\" data-element_type=\"column\" data-e-type=\"column\">\n\t\t\t<div class=\"elementor-widget-wrap elementor-element-populated\">\n\t\t\t\t\t\t<div class=\"elementor-element elementor-element-2454abd5 elementor-widget elementor-widget-tbay-heading\" data-id=\"2454abd5\" data-element_type=\"widget\" data-e-type=\"widget\" data-widget_type=\"tbay-heading.default\">\n\t\t\t\t<div class=\"elementor-widget-container\">\n\t\t\t\t\t\r\n<div class=\"tbay-element tbay-element-heading\">\r\n\t<\/div>\t\t\t\t<\/div>\n\t\t\t\t<\/div>\n\t\t\t\t<div class=\"elementor-element elementor-element-711f9433 elementor-widget elementor-widget-image\" data-id=\"711f9433\" data-element_type=\"widget\" data-e-type=\"widget\" data-widget_type=\"image.default\">\n\t\t\t\t<div class=\"elementor-widget-container\">\n\t\t\t\t\t\t\t\t\t\t\t\t\t\t\t<img decoding=\"async\" width=\"337\" height=\"98\" src=\"https:\/\/affichedumonde.com\/wp-content\/uploads\/2022\/07\/LOGO-2-1.jpg\" class=\"attachment-large size-large wp-image-10531\" alt=\"\" \/>\t\t\t\t\t\t\t\t\t\t\t\t\t\t\t<\/div>\n\t\t\t\t<\/div>\n\t\t\t\t\t<\/div>\n\t\t<\/div>\n\t\t\t\t<div class=\"elementor-column elementor-col-33 elementor-top-column elementor-element elementor-element-68d6ff45\" data-id=\"68d6ff45\" data-element_type=\"column\" data-e-type=\"column\">\n\t\t\t<div class=\"elementor-widget-wrap\">\n\t\t\t\t\t\t\t<\/div>\n\t\t<\/div>\n\t\t\t\t<div class=\"elementor-column elementor-col-33 elementor-top-column elementor-element elementor-element-1c4079b6\" data-id=\"1c4079b6\" data-element_type=\"column\" data-e-type=\"column\">\n\t\t\t<div class=\"elementor-widget-wrap elementor-element-populated\">\n\t\t\t\t\t\t<div class=\"elementor-element elementor-element-52811ceb elementor-widget elementor-widget-text-editor\" data-id=\"52811ceb\" data-element_type=\"widget\" data-e-type=\"widget\" data-widget_type=\"text-editor.default\">\n\t\t\t\t<div class=\"elementor-widget-container\">\n\t\t\t\t\t\t\t\t\t<p><strong>A Propos de nous<\/strong><\/p>\t\t\t\t\t\t\t\t<\/div>\n\t\t\t\t<\/div>\n\t\t\t\t<div class=\"elementor-element elementor-element-25f7f2fd elementor-widget elementor-widget-text-editor\" data-id=\"25f7f2fd\" data-element_type=\"widget\" data-e-type=\"widget\" data-widget_type=\"text-editor.default\">\n\t\t\t\t<div class=\"elementor-widget-container\">\n\t\t\t\t\t\t\t\t\t<p>Mentions L\u00e9gales<\/p><p>Conform\u00e9ment \u00e0 la loi n\u00b0 2004-2005 du 21 juin 2004 pour la confiance dans l\u2019\u00e9conomie num\u00e9rique, notre site web met \u00e0 disposition du public les informations concernant notre entreprise.<\/p><p>Eventuellement modifiables, nous vous invitons donc \u00e0 consulter nos mentions l\u00e9gales le plus souvent possible, de mani\u00e8re \u00e0 en prendre connaissance fr\u00e9quemment. Le site www.creationvintage.com appartient \u00e0 STE. AFFICHE DU MONDE dont le si\u00e8ge social est situ\u00e9 309 avenue du colonel Rozanoff 40000 Mont de Marsan, France<\/p><p>Le responsable de la publication, Joel Gracia, peut \u00eatre contact\u00e9 par le formulaire contact@affichedumonde.com<\/p><p>Le site www.affichedumonde.com est h\u00e9berg\u00e9 et infog\u00e9r\u00e9 par la soci\u00e9t\u00e9 JC INFO h\u00e9bergement \u2013 SIRET : 398 232 082 000 14 \u2013 Si\u00e8ge 74 RUE GEORGES BONNAC 33000 BORDEAUX, peut \u00eatre contact\u00e9 par le Formulaire de contact de creationvintage.com. La consultation du site www.affichedumonde.com suppose l\u2019acceptation sans r\u00e9serves des pr\u00e9sentes conditions d\u2019utilisation. Les termes \u201cle site\u201d ou \u201d les sites\u201d d\u00e9signent ci-apr\u00e8s le site internet.<\/p>\t\t\t\t\t\t\t\t<\/div>\n\t\t\t\t<\/div>\n\t\t\t\t\t<\/div>\n\t\t<\/div>\n\t\t\t\t\t<\/div>\n\t\t<\/section>\n\t\t\t\t<\/div>\n\t\t","protected":false},"excerpt":{"rendered":"<p>A Propos de nous Mentions L\u00e9gales Conform\u00e9ment \u00e0 la loi n\u00b0 2004-2005 du 21 juin 2004 pour la confiance dans l\u2019\u00e9conomie num\u00e9rique, notre site web met \u00e0 disposition du public les informations concernant notre entreprise. Eventuellement modifiables, nous vous invitons donc \u00e0 consulter nos mentions l\u00e9gales le plus souvent possible, de mani\u00e8re \u00e0 en prendre &hellip; <a href=\"https:\/\/affichedumonde.com\/?page_id=419\" class=\"more-link\">Lire la suite <span class=\"screen-reader-text\">Mentions legales<\/span><\/a><\/p>\n","protected":false},"author":1,"featured_media":0,"parent":0,"menu_order":0,"comment_status":"closed","ping_status":"closed","template":"","meta":{"footnotes":""},"class_list":["post-419","page","type-page","status-publish","hentry"],"yoast_head":"<!-- This site is optimized with the Yoast SEO Premium plugin v24.0 (Yoast SEO v27.4) - https:\/\/yoast.com\/product\/yoast-seo-premium-wordpress\/ -->\n<title>Mentions legales - Affiche du Monde<\/title>\n<meta name=\"robots\" content=\"index, follow, max-snippet:-1, max-image-preview:large, max-video-preview:-1\" \/>\n<link rel=\"canonical\" href=\"https:\/\/affichedumonde.com\/?page_id=419\" \/>\n<meta property=\"og:locale\" content=\"fr_FR\" \/>\n<meta property=\"og:type\" content=\"article\" \/>\n<meta property=\"og:title\" content=\"Mentions legales\" \/>\n<meta property=\"og:description\" content=\"A Propos de nous Mentions L\u00e9gales Conform\u00e9ment \u00e0 la loi n\u00b0 2004-2005 du 21 juin 2004 pour la confiance dans l\u2019\u00e9conomie num\u00e9rique, notre site web met \u00e0 disposition du public les informations concernant notre entreprise. Eventuellement modifiables, nous vous invitons donc \u00e0 consulter nos mentions l\u00e9gales le plus souvent possible, de mani\u00e8re \u00e0 en prendre &hellip; Lire la suite Mentions legales\" \/>\n<meta property=\"og:url\" content=\"https:\/\/affichedumonde.com\/?page_id=419\" \/>\n<meta property=\"og:site_name\" content=\"Affiche du Monde\" \/>\n<meta property=\"article:modified_time\" content=\"2024-08-11T10:01:28+00:00\" \/>\n<meta property=\"og:image\" content=\"https:\/\/affichedumonde.com\/wp-content\/uploads\/2022\/07\/LOGO-2-1.jpg\" \/>\n<meta name=\"twitter:card\" content=\"summary_large_image\" \/>\n<meta name=\"twitter:label1\" content=\"Dur\u00e9e de lecture estim\u00e9e\" \/>\n\t<meta name=\"twitter:data1\" content=\"2 minutes\" \/>\n<script type=\"application\/ld+json\" class=\"yoast-schema-graph\">{\"@context\":\"https:\\\/\\\/schema.org\",\"@graph\":[{\"@type\":\"WebPage\",\"@id\":\"https:\\\/\\\/affichedumonde.com\\\/?page_id=419\",\"url\":\"https:\\\/\\\/affichedumonde.com\\\/?page_id=419\",\"name\":\"Mentions legales - Affiche du Monde\",\"isPartOf\":{\"@id\":\"https:\\\/\\\/affichedumonde.com\\\/#website\"},\"primaryImageOfPage\":{\"@id\":\"https:\\\/\\\/affichedumonde.com\\\/?page_id=419#primaryimage\"},\"image\":{\"@id\":\"https:\\\/\\\/affichedumonde.com\\\/?page_id=419#primaryimage\"},\"thumbnailUrl\":\"https:\\\/\\\/affichedumonde.com\\\/wp-content\\\/uploads\\\/2022\\\/07\\\/LOGO-2-1.jpg\",\"datePublished\":\"2020-12-22T01:52:18+00:00\",\"dateModified\":\"2024-08-11T10:01:28+00:00\",\"breadcrumb\":{\"@id\":\"https:\\\/\\\/affichedumonde.com\\\/?page_id=419#breadcrumb\"},\"inLanguage\":\"fr-FR\",\"potentialAction\":[{\"@type\":\"ReadAction\",\"target\":[\"https:\\\/\\\/affichedumonde.com\\\/?page_id=419\"]}]},{\"@type\":\"ImageObject\",\"inLanguage\":\"fr-FR\",\"@id\":\"https:\\\/\\\/affichedumonde.com\\\/?page_id=419#primaryimage\",\"url\":\"https:\\\/\\\/affichedumonde.com\\\/wp-content\\\/uploads\\\/2022\\\/07\\\/LOGO-2-1.jpg\",\"contentUrl\":\"https:\\\/\\\/affichedumonde.com\\\/wp-content\\\/uploads\\\/2022\\\/07\\\/LOGO-2-1.jpg\",\"width\":337,\"height\":98},{\"@type\":\"BreadcrumbList\",\"@id\":\"https:\\\/\\\/affichedumonde.com\\\/?page_id=419#breadcrumb\",\"itemListElement\":[{\"@type\":\"ListItem\",\"position\":1,\"name\":\"Accueil\",\"item\":\"https:\\\/\\\/affichedumonde.com\\\/\"},{\"@type\":\"ListItem\",\"position\":2,\"name\":\"Mentions legales\"}]},{\"@type\":\"WebSite\",\"@id\":\"https:\\\/\\\/affichedumonde.com\\\/#website\",\"url\":\"https:\\\/\\\/affichedumonde.com\\\/\",\"name\":\"Affiche du Monde\",\"description\":\"Affiche de voyage,souvenir de vacances\",\"publisher\":{\"@id\":\"https:\\\/\\\/affichedumonde.com\\\/#organization\"},\"alternateName\":\"affichedumonde.com\",\"potentialAction\":[{\"@type\":\"SearchAction\",\"target\":{\"@type\":\"EntryPoint\",\"urlTemplate\":\"https:\\\/\\\/affichedumonde.com\\\/?s={search_term_string}\"},\"query-input\":{\"@type\":\"PropertyValueSpecification\",\"valueRequired\":true,\"valueName\":\"search_term_string\"}}],\"inLanguage\":\"fr-FR\"},{\"@type\":\"Organization\",\"@id\":\"https:\\\/\\\/affichedumonde.com\\\/#organization\",\"name\":\"Affiche du Monde\",\"url\":\"https:\\\/\\\/affichedumonde.com\\\/\",\"logo\":{\"@type\":\"ImageObject\",\"inLanguage\":\"fr-FR\",\"@id\":\"https:\\\/\\\/affichedumonde.com\\\/#\\\/schema\\\/logo\\\/image\\\/\",\"url\":\"https:\\\/\\\/affichedumonde.com\\\/wp-content\\\/uploads\\\/2022\\\/07\\\/LOGO-2-1.jpg\",\"contentUrl\":\"https:\\\/\\\/affichedumonde.com\\\/wp-content\\\/uploads\\\/2022\\\/07\\\/LOGO-2-1.jpg\",\"width\":337,\"height\":98,\"caption\":\"Affiche du Monde\"},\"image\":{\"@id\":\"https:\\\/\\\/affichedumonde.com\\\/#\\\/schema\\\/logo\\\/image\\\/\"}}]}<\/script>\n<!-- \/ Yoast SEO Premium plugin. -->","yoast_head_json":{"title":"Mentions legales - Affiche du Monde","robots":{"index":"index","follow":"follow","max-snippet":"max-snippet:-1","max-image-preview":"max-image-preview:large","max-video-preview":"max-video-preview:-1"},"canonical":"https:\/\/affichedumonde.com\/?page_id=419","og_locale":"fr_FR","og_type":"article","og_title":"Mentions legales","og_description":"A Propos de nous Mentions L\u00e9gales Conform\u00e9ment \u00e0 la loi n\u00b0 2004-2005 du 21 juin 2004 pour la confiance dans l\u2019\u00e9conomie num\u00e9rique, notre site web met \u00e0 disposition du public les informations concernant notre entreprise. Eventuellement modifiables, nous vous invitons donc \u00e0 consulter nos mentions l\u00e9gales le plus souvent possible, de mani\u00e8re \u00e0 en prendre &hellip; Lire la suite Mentions legales","og_url":"https:\/\/affichedumonde.com\/?page_id=419","og_site_name":"Affiche du Monde","article_modified_time":"2024-08-11T10:01:28+00:00","og_image":[{"url":"https:\/\/affichedumonde.com\/wp-content\/uploads\/2022\/07\/LOGO-2-1.jpg","type":"","width":"","height":""}],"twitter_card":"summary_large_image","twitter_misc":{"Dur\u00e9e de lecture estim\u00e9e":"2 minutes"},"schema":{"@context":"https:\/\/schema.org","@graph":[{"@type":"WebPage","@id":"https:\/\/affichedumonde.com\/?page_id=419","url":"https:\/\/affichedumonde.com\/?page_id=419","name":"Mentions legales - Affiche du Monde","isPartOf":{"@id":"https:\/\/affichedumonde.com\/#website"},"primaryImageOfPage":{"@id":"https:\/\/affichedumonde.com\/?page_id=419#primaryimage"},"image":{"@id":"https:\/\/affichedumonde.com\/?page_id=419#primaryimage"},"thumbnailUrl":"https:\/\/affichedumonde.com\/wp-content\/uploads\/2022\/07\/LOGO-2-1.jpg","datePublished":"2020-12-22T01:52:18+00:00","dateModified":"2024-08-11T10:01:28+00:00","breadcrumb":{"@id":"https:\/\/affichedumonde.com\/?page_id=419#breadcrumb"},"inLanguage":"fr-FR","potentialAction":[{"@type":"ReadAction","target":["https:\/\/affichedumonde.com\/?page_id=419"]}]},{"@type":"ImageObject","inLanguage":"fr-FR","@id":"https:\/\/affichedumonde.com\/?page_id=419#primaryimage","url":"https:\/\/affichedumonde.com\/wp-content\/uploads\/2022\/07\/LOGO-2-1.jpg","contentUrl":"https:\/\/affichedumonde.com\/wp-content\/uploads\/2022\/07\/LOGO-2-1.jpg","width":337,"height":98},{"@type":"BreadcrumbList","@id":"https:\/\/affichedumonde.com\/?page_id=419#breadcrumb","itemListElement":[{"@type":"ListItem","position":1,"name":"Accueil","item":"https:\/\/affichedumonde.com\/"},{"@type":"ListItem","position":2,"name":"Mentions legales"}]},{"@type":"WebSite","@id":"https:\/\/affichedumonde.com\/#website","url":"https:\/\/affichedumonde.com\/","name":"Affiche du Monde","description":"Affiche de voyage,souvenir de vacances","publisher":{"@id":"https:\/\/affichedumonde.com\/#organization"},"alternateName":"affichedumonde.com","potentialAction":[{"@type":"SearchAction","target":{"@type":"EntryPoint","urlTemplate":"https:\/\/affichedumonde.com\/?s={search_term_string}"},"query-input":{"@type":"PropertyValueSpecification","valueRequired":true,"valueName":"search_term_string"}}],"inLanguage":"fr-FR"},{"@type":"Organization","@id":"https:\/\/affichedumonde.com\/#organization","name":"Affiche du Monde","url":"https:\/\/affichedumonde.com\/","logo":{"@type":"ImageObject","inLanguage":"fr-FR","@id":"https:\/\/affichedumonde.com\/#\/schema\/logo\/image\/","url":"https:\/\/affichedumonde.com\/wp-content\/uploads\/2022\/07\/LOGO-2-1.jpg","contentUrl":"https:\/\/affichedumonde.com\/wp-content\/uploads\/2022\/07\/LOGO-2-1.jpg","width":337,"height":98,"caption":"Affiche du Monde"},"image":{"@id":"https:\/\/affichedumonde.com\/#\/schema\/logo\/image\/"}}]}},"_links":{"self":[{"href":"https:\/\/affichedumonde.com\/index.php?rest_route=\/wp\/v2\/pages\/419","targetHints":{"allow":["GET"]}}],"collection":[{"href":"https:\/\/affichedumonde.com\/index.php?rest_route=\/wp\/v2\/pages"}],"about":[{"href":"https:\/\/affichedumonde.com\/index.php?rest_route=\/wp\/v2\/types\/page"}],"author":[{"embeddable":true,"href":"https:\/\/affichedumonde.com\/index.php?rest_route=\/wp\/v2\/users\/1"}],"replies":[{"embeddable":true,"href":"https:\/\/affichedumonde.com\/index.php?rest_route=%2Fwp%2Fv2%2Fcomments&post=419"}],"version-history":[{"count":8,"href":"https:\/\/affichedumonde.com\/index.php?rest_route=\/wp\/v2\/pages\/419\/revisions"}],"predecessor-version":[{"id":14167,"href":"https:\/\/affichedumonde.com\/index.php?rest_route=\/wp\/v2\/pages\/419\/revisions\/14167"}],"wp:attachment":[{"href":"https:\/\/affichedumonde.com\/index.php?rest_route=%2Fwp%2Fv2%2Fmedia&parent=419"}],"curies":[{"name":"wp","href":"https:\/\/api.w.org\/{rel}","templated":true}]}}