{"id":10300,"date":"2024-02-03T08:23:38","date_gmt":"2024-02-03T08:23:38","guid":{"rendered":"https:\/\/store-mag.com\/?post_type=product&#038;p=10300"},"modified":"2024-09-09T07:11:11","modified_gmt":"2024-09-09T07:11:11","slug":"affiche-de-voyage-de-lacanau","status":"publish","type":"product","link":"https:\/\/affichedumonde.com\/?product=affiche-de-voyage-de-lacanau","title":{"rendered":"Affiche de voyage de Lacanau"},"content":{"rendered":"<p>Affiche en papier photo de 250 Gr Satin\u00e9 ou en toile canevas de 350gr \/ m\u00b2 de Lacanau<\/p>\n<p>Toutes ces affiches sont Imprim\u00e9es en France, d\u00e9lai de fabrication entre 2 et 3 jours.<\/p>\n<p>Exp\u00e9dition depuis la France en Colissimo.<\/p>\n<p>Vendues sans encadrement<\/p>\n","protected":false},"excerpt":{"rendered":"<p>Affiche en papier photo de 250 Gr Satin\u00e9 ou en toile canevas de 350gr \/ m\u00b2 de Lacanau Toutes ces affiches sont Imprim\u00e9es en France, d\u00e9lai de fabrication entre 2 et 3 jours. Exp\u00e9dition depuis la France en Colissimo. Vendues sans encadrement<\/p>\n","protected":false},"featured_media":8576,"comment_status":"open","ping_status":"closed","template":"","meta":[],"product_brand":[],"product_cat":[85],"product_tag":[],"class_list":{"0":"post-10300","1":"product","2":"type-product","3":"status-publish","4":"has-post-thumbnail","6":"product_cat-france","7":"pa_format-13-x-18","8":"pa_format-21-x-30","9":"pa_format-30-x-40","10":"pa_format-40-x-50","11":"pa_format-40-x-60","12":"pa_format-50-x-70","15":"instock","16":"shipping-taxable","17":"purchasable","18":"product-type-variable"},"yoast_head":"<!-- This site is optimized with the Yoast SEO Premium plugin v24.0 (Yoast SEO v27.4) - https:\/\/yoast.com\/product\/yoast-seo-premium-wordpress\/ -->\n<title>Affiche de voyage de Lacanau - Affiche du Monde<\/title>\n<meta name=\"robots\" content=\"index, follow, max-snippet:-1, max-image-preview:large, max-video-preview:-1\" \/>\n<link rel=\"canonical\" href=\"https:\/\/affichedumonde.com\/?product=affiche-de-voyage-de-lacanau\" \/>\n<meta property=\"og:locale\" content=\"fr_FR\" \/>\n<meta property=\"og:type\" content=\"article\" \/>\n<meta property=\"og:title\" content=\"Affiche de voyage de Lacanau\" \/>\n<meta property=\"og:description\" content=\"Affiche en papier photo de 250 Gr Satin\u00e9 ou en toile canevas de 350gr \/ m\u00b2 de Lacanau Toutes ces affiches sont Imprim\u00e9es en France, d\u00e9lai de fabrication entre 2 et 3 jours. Exp\u00e9dition depuis la France en Colissimo. Vendues sans encadrement\" \/>\n<meta property=\"og:url\" content=\"https:\/\/affichedumonde.com\/?product=affiche-de-voyage-de-lacanau\" \/>\n<meta property=\"og:site_name\" content=\"Affiche du Monde\" \/>\n<meta property=\"article:modified_time\" content=\"2024-09-09T07:11:11+00:00\" \/>\n<meta property=\"og:image\" content=\"https:\/\/affichedumonde.com\/wp-content\/uploads\/2024\/02\/lacanau.jpg\" \/>\n\t<meta property=\"og:image:width\" content=\"356\" \/>\n\t<meta property=\"og:image:height\" content=\"500\" \/>\n\t<meta property=\"og:image:type\" content=\"image\/jpeg\" \/>\n<meta name=\"twitter:card\" content=\"summary_large_image\" \/>\n<meta name=\"twitter:label1\" content=\"Dur\u00e9e de lecture estim\u00e9e\" \/>\n\t<meta name=\"twitter:data1\" content=\"1 minute\" \/>\n<script type=\"application\/ld+json\" class=\"yoast-schema-graph\">{\"@context\":\"https:\\\/\\\/schema.org\",\"@graph\":[{\"@type\":\"WebPage\",\"@id\":\"https:\\\/\\\/affichedumonde.com\\\/?product=affiche-de-voyage-de-lacanau\",\"url\":\"https:\\\/\\\/affichedumonde.com\\\/?product=affiche-de-voyage-de-lacanau\",\"name\":\"Affiche de voyage de Lacanau - Affiche du Monde\",\"isPartOf\":{\"@id\":\"https:\\\/\\\/affichedumonde.com\\\/#website\"},\"primaryImageOfPage\":{\"@id\":\"https:\\\/\\\/affichedumonde.com\\\/?product=affiche-de-voyage-de-lacanau#primaryimage\"},\"image\":{\"@id\":\"https:\\\/\\\/affichedumonde.com\\\/?product=affiche-de-voyage-de-lacanau#primaryimage\"},\"thumbnailUrl\":\"https:\\\/\\\/affichedumonde.com\\\/wp-content\\\/uploads\\\/2024\\\/02\\\/lacanau.jpg\",\"datePublished\":\"2024-02-03T08:23:38+00:00\",\"dateModified\":\"2024-09-09T07:11:11+00:00\",\"breadcrumb\":{\"@id\":\"https:\\\/\\\/affichedumonde.com\\\/?product=affiche-de-voyage-de-lacanau#breadcrumb\"},\"inLanguage\":\"fr-FR\",\"potentialAction\":[{\"@type\":\"ReadAction\",\"target\":[\"https:\\\/\\\/affichedumonde.com\\\/?product=affiche-de-voyage-de-lacanau\"]}]},{\"@type\":\"ImageObject\",\"inLanguage\":\"fr-FR\",\"@id\":\"https:\\\/\\\/affichedumonde.com\\\/?product=affiche-de-voyage-de-lacanau#primaryimage\",\"url\":\"https:\\\/\\\/affichedumonde.com\\\/wp-content\\\/uploads\\\/2024\\\/02\\\/lacanau.jpg\",\"contentUrl\":\"https:\\\/\\\/affichedumonde.com\\\/wp-content\\\/uploads\\\/2024\\\/02\\\/lacanau.jpg\",\"width\":356,\"height\":500},{\"@type\":\"BreadcrumbList\",\"@id\":\"https:\\\/\\\/affichedumonde.com\\\/?product=affiche-de-voyage-de-lacanau#breadcrumb\",\"itemListElement\":[{\"@type\":\"ListItem\",\"position\":1,\"name\":\"Accueil\",\"item\":\"https:\\\/\\\/affichedumonde.com\\\/\"},{\"@type\":\"ListItem\",\"position\":2,\"name\":\"Shop\",\"item\":\"https:\\\/\\\/affichedumonde.com\\\/?page_id=9\"},{\"@type\":\"ListItem\",\"position\":3,\"name\":\"Affiche de voyage de Lacanau\"}]},{\"@type\":\"WebSite\",\"@id\":\"https:\\\/\\\/affichedumonde.com\\\/#website\",\"url\":\"https:\\\/\\\/affichedumonde.com\\\/\",\"name\":\"Affiche du Monde\",\"description\":\"Affiche de voyage,souvenir de vacances\",\"publisher\":{\"@id\":\"https:\\\/\\\/affichedumonde.com\\\/#organization\"},\"alternateName\":\"affichedumonde.com\",\"potentialAction\":[{\"@type\":\"SearchAction\",\"target\":{\"@type\":\"EntryPoint\",\"urlTemplate\":\"https:\\\/\\\/affichedumonde.com\\\/?s={search_term_string}\"},\"query-input\":{\"@type\":\"PropertyValueSpecification\",\"valueRequired\":true,\"valueName\":\"search_term_string\"}}],\"inLanguage\":\"fr-FR\"},{\"@type\":\"Organization\",\"@id\":\"https:\\\/\\\/affichedumonde.com\\\/#organization\",\"name\":\"Affiche du Monde\",\"url\":\"https:\\\/\\\/affichedumonde.com\\\/\",\"logo\":{\"@type\":\"ImageObject\",\"inLanguage\":\"fr-FR\",\"@id\":\"https:\\\/\\\/affichedumonde.com\\\/#\\\/schema\\\/logo\\\/image\\\/\",\"url\":\"https:\\\/\\\/affichedumonde.com\\\/wp-content\\\/uploads\\\/2022\\\/07\\\/LOGO-2-1.jpg\",\"contentUrl\":\"https:\\\/\\\/affichedumonde.com\\\/wp-content\\\/uploads\\\/2022\\\/07\\\/LOGO-2-1.jpg\",\"width\":337,\"height\":98,\"caption\":\"Affiche du Monde\"},\"image\":{\"@id\":\"https:\\\/\\\/affichedumonde.com\\\/#\\\/schema\\\/logo\\\/image\\\/\"}}]}<\/script>\n<!-- \/ Yoast SEO Premium plugin. -->","yoast_head_json":{"title":"Affiche de voyage de Lacanau - Affiche du Monde","robots":{"index":"index","follow":"follow","max-snippet":"max-snippet:-1","max-image-preview":"max-image-preview:large","max-video-preview":"max-video-preview:-1"},"canonical":"https:\/\/affichedumonde.com\/?product=affiche-de-voyage-de-lacanau","og_locale":"fr_FR","og_type":"article","og_title":"Affiche de voyage de Lacanau","og_description":"Affiche en papier photo de 250 Gr Satin\u00e9 ou en toile canevas de 350gr \/ m\u00b2 de Lacanau Toutes ces affiches sont Imprim\u00e9es en France, d\u00e9lai de fabrication entre 2 et 3 jours. Exp\u00e9dition depuis la France en Colissimo. Vendues sans encadrement","og_url":"https:\/\/affichedumonde.com\/?product=affiche-de-voyage-de-lacanau","og_site_name":"Affiche du Monde","article_modified_time":"2024-09-09T07:11:11+00:00","og_image":[{"width":356,"height":500,"url":"https:\/\/affichedumonde.com\/wp-content\/uploads\/2024\/02\/lacanau.jpg","type":"image\/jpeg"}],"twitter_card":"summary_large_image","twitter_misc":{"Dur\u00e9e de lecture estim\u00e9e":"1 minute"},"schema":{"@context":"https:\/\/schema.org","@graph":[{"@type":"WebPage","@id":"https:\/\/affichedumonde.com\/?product=affiche-de-voyage-de-lacanau","url":"https:\/\/affichedumonde.com\/?product=affiche-de-voyage-de-lacanau","name":"Affiche de voyage de Lacanau - Affiche du Monde","isPartOf":{"@id":"https:\/\/affichedumonde.com\/#website"},"primaryImageOfPage":{"@id":"https:\/\/affichedumonde.com\/?product=affiche-de-voyage-de-lacanau#primaryimage"},"image":{"@id":"https:\/\/affichedumonde.com\/?product=affiche-de-voyage-de-lacanau#primaryimage"},"thumbnailUrl":"https:\/\/affichedumonde.com\/wp-content\/uploads\/2024\/02\/lacanau.jpg","datePublished":"2024-02-03T08:23:38+00:00","dateModified":"2024-09-09T07:11:11+00:00","breadcrumb":{"@id":"https:\/\/affichedumonde.com\/?product=affiche-de-voyage-de-lacanau#breadcrumb"},"inLanguage":"fr-FR","potentialAction":[{"@type":"ReadAction","target":["https:\/\/affichedumonde.com\/?product=affiche-de-voyage-de-lacanau"]}]},{"@type":"ImageObject","inLanguage":"fr-FR","@id":"https:\/\/affichedumonde.com\/?product=affiche-de-voyage-de-lacanau#primaryimage","url":"https:\/\/affichedumonde.com\/wp-content\/uploads\/2024\/02\/lacanau.jpg","contentUrl":"https:\/\/affichedumonde.com\/wp-content\/uploads\/2024\/02\/lacanau.jpg","width":356,"height":500},{"@type":"BreadcrumbList","@id":"https:\/\/affichedumonde.com\/?product=affiche-de-voyage-de-lacanau#breadcrumb","itemListElement":[{"@type":"ListItem","position":1,"name":"Accueil","item":"https:\/\/affichedumonde.com\/"},{"@type":"ListItem","position":2,"name":"Shop","item":"https:\/\/affichedumonde.com\/?page_id=9"},{"@type":"ListItem","position":3,"name":"Affiche de voyage de Lacanau"}]},{"@type":"WebSite","@id":"https:\/\/affichedumonde.com\/#website","url":"https:\/\/affichedumonde.com\/","name":"Affiche du Monde","description":"Affiche de voyage,souvenir de vacances","publisher":{"@id":"https:\/\/affichedumonde.com\/#organization"},"alternateName":"affichedumonde.com","potentialAction":[{"@type":"SearchAction","target":{"@type":"EntryPoint","urlTemplate":"https:\/\/affichedumonde.com\/?s={search_term_string}"},"query-input":{"@type":"PropertyValueSpecification","valueRequired":true,"valueName":"search_term_string"}}],"inLanguage":"fr-FR"},{"@type":"Organization","@id":"https:\/\/affichedumonde.com\/#organization","name":"Affiche du Monde","url":"https:\/\/affichedumonde.com\/","logo":{"@type":"ImageObject","inLanguage":"fr-FR","@id":"https:\/\/affichedumonde.com\/#\/schema\/logo\/image\/","url":"https:\/\/affichedumonde.com\/wp-content\/uploads\/2022\/07\/LOGO-2-1.jpg","contentUrl":"https:\/\/affichedumonde.com\/wp-content\/uploads\/2022\/07\/LOGO-2-1.jpg","width":337,"height":98,"caption":"Affiche du Monde"},"image":{"@id":"https:\/\/affichedumonde.com\/#\/schema\/logo\/image\/"}}]}},"_links":{"self":[{"href":"https:\/\/affichedumonde.com\/index.php?rest_route=\/wp\/v2\/product\/10300","targetHints":{"allow":["GET"]}}],"collection":[{"href":"https:\/\/affichedumonde.com\/index.php?rest_route=\/wp\/v2\/product"}],"about":[{"href":"https:\/\/affichedumonde.com\/index.php?rest_route=\/wp\/v2\/types\/product"}],"replies":[{"embeddable":true,"href":"https:\/\/affichedumonde.com\/index.php?rest_route=%2Fwp%2Fv2%2Fcomments&post=10300"}],"version-history":[{"count":5,"href":"https:\/\/affichedumonde.com\/index.php?rest_route=\/wp\/v2\/product\/10300\/revisions"}],"predecessor-version":[{"id":13805,"href":"https:\/\/affichedumonde.com\/index.php?rest_route=\/wp\/v2\/product\/10300\/revisions\/13805"}],"wp:featuredmedia":[{"embeddable":true,"href":"https:\/\/affichedumonde.com\/index.php?rest_route=\/wp\/v2\/media\/8576"}],"wp:attachment":[{"href":"https:\/\/affichedumonde.com\/index.php?rest_route=%2Fwp%2Fv2%2Fmedia&parent=10300"}],"wp:term":[{"taxonomy":"product_brand","embeddable":true,"href":"https:\/\/affichedumonde.com\/index.php?rest_route=%2Fwp%2Fv2%2Fproduct_brand&post=10300"},{"taxonomy":"product_cat","embeddable":true,"href":"https:\/\/affichedumonde.com\/index.php?rest_route=%2Fwp%2Fv2%2Fproduct_cat&post=10300"},{"taxonomy":"product_tag","embeddable":true,"href":"https:\/\/affichedumonde.com\/index.php?rest_route=%2Fwp%2Fv2%2Fproduct_tag&post=10300"}],"curies":[{"name":"wp","href":"https:\/\/api.w.org\/{rel}","templated":true}]}}